{"id":52248,"date":"2026-01-06T21:36:52","date_gmt":"2026-01-07T00:36:52","guid":{"rendered":"https:\/\/grupoportosul.com.br\/?post_type=product&#038;p=52248"},"modified":"2026-01-06T21:47:32","modified_gmt":"2026-01-07T00:47:32","slug":"produto-demonstrativo-2","status":"publish","type":"product","link":"https:\/\/grupoportosul.com.br\/en\/product\/produto-demonstrativo-2\/","title":{"rendered":"Produto Demonstrativo"},"content":{"rendered":"<p data-start=\"136\" data-end=\"407\">Pneu automotivo desenvolvido para oferecer desempenho, seguran\u00e7a e estabilidade em diferentes condi\u00e7\u00f5es de uso. Seu design conta com banda de rodagem projetada para melhor ader\u00eancia ao solo, contribuindo para maior controle do ve\u00edculo, dirigibilidade e conforto ao rodar.<\/p>\n<p data-start=\"409\" data-end=\"636\">A estrutura refor\u00e7ada proporciona resist\u00eancia e durabilidade, auxiliando na absor\u00e7\u00e3o de impactos e na condu\u00e7\u00e3o mais segura, enquanto o desenho dos sulcos favorece a dispers\u00e3o de \u00e1gua, ajudando a reduzir o risco de aquaplanagem.<\/p>\n<p data-start=\"638\" data-end=\"807\">Indicado para ve\u00edculos de passeio, este pneu combina efici\u00eancia, confiabilidade e desempenho, atendendo \u00e0s necessidades do dia a dia e de diferentes estilos de condu\u00e7\u00e3o.<\/p>","protected":false},"excerpt":{"rendered":"<p>Pneu automotivo desenvolvido para oferecer desempenho, seguran\u00e7a e estabilidade em diferentes condi\u00e7\u00f5es de uso. Seu design conta com banda de rodagem projetada para melhor ader\u00eancia ao solo, contribuindo para maior controle do ve\u00edculo, dirigibilidade e conforto ao rodar.<\/p>","protected":false},"featured_media":52245,"comment_status":"open","ping_status":"closed","template":"","meta":{"_acf_changed":false},"product_brand":[70],"product_cat":[68],"product_tag":[69],"class_list":{"0":"post-52248","1":"product","2":"type-product","3":"status-publish","4":"has-post-thumbnail","6":"product_brand-michelin","7":"product_cat-pneus","8":"product_tag-pneus","10":"first","11":"instock","12":"taxable","13":"shipping-taxable","14":"purchasable","15":"product-type-simple"},"acf":[],"_links":{"self":[{"href":"https:\/\/grupoportosul.com.br\/en\/wp-json\/wp\/v2\/product\/52248","targetHints":{"allow":["GET"]}}],"collection":[{"href":"https:\/\/grupoportosul.com.br\/en\/wp-json\/wp\/v2\/product"}],"about":[{"href":"https:\/\/grupoportosul.com.br\/en\/wp-json\/wp\/v2\/types\/product"}],"replies":[{"embeddable":true,"href":"https:\/\/grupoportosul.com.br\/en\/wp-json\/wp\/v2\/comments?post=52248"}],"version-history":[{"count":1,"href":"https:\/\/grupoportosul.com.br\/en\/wp-json\/wp\/v2\/product\/52248\/revisions"}],"predecessor-version":[{"id":52249,"href":"https:\/\/grupoportosul.com.br\/en\/wp-json\/wp\/v2\/product\/52248\/revisions\/52249"}],"wp:featuredmedia":[{"embeddable":true,"href":"https:\/\/grupoportosul.com.br\/en\/wp-json\/wp\/v2\/media\/52245"}],"wp:attachment":[{"href":"https:\/\/grupoportosul.com.br\/en\/wp-json\/wp\/v2\/media?parent=52248"}],"wp:term":[{"taxonomy":"product_brand","embeddable":true,"href":"https:\/\/grupoportosul.com.br\/en\/wp-json\/wp\/v2\/product_brand?post=52248"},{"taxonomy":"product_cat","embeddable":true,"href":"https:\/\/grupoportosul.com.br\/en\/wp-json\/wp\/v2\/product_cat?post=52248"},{"taxonomy":"product_tag","embeddable":true,"href":"https:\/\/grupoportosul.com.br\/en\/wp-json\/wp\/v2\/product_tag?post=52248"}],"curies":[{"name":"wp","href":"https:\/\/api.w.org\/{rel}","templated":true}]}}